{"id":10996,"date":"2020-08-17T05:23:45","date_gmt":"2020-08-17T05:23:45","guid":{"rendered":"http:\/\/chprinc.com\/?page_id=10996"},"modified":"2020-08-17T05:55:59","modified_gmt":"2020-08-17T05:55:59","slug":"subastas-nativos-2018","status":"publish","type":"page","link":"https:\/\/chprinc.com\/index.php\/subastas-nativos-2018\/","title":{"rendered":"SUBASTAS NATIVOS 2018"},"content":{"rendered":"<div class=\"flex_column av_one_fourth  flex_column_div av-zero-column-padding first  \" style='border-radius:0px; '><\/div><div class=\"flex_column av_one_third  flex_column_div av-zero-column-padding   \" style='border-radius:0px; '><p><div  data-autoplay='true'  data-interval='6'  data-animation='slide'  data-show_slide_delay='30'  class='avia-content-slider-element-container avia-content-slider-element-slider avia-content-slider avia-smallarrow-slider avia-content-slider-active avia-content-slider1 avia-content-slider-odd ' ><div class='avia-smallarrow-slider-heading  no-content-slider-navigation  no-content-slider-heading '><div class='new-special-heading'>&nbsp;<\/div><\/div><div class='avia-content-slider-inner'><div class='slide-entry-wrap'><section class='slide-entry flex_column post-entry slide-entry-overview slide-loop-1 slide-parity-odd  av_fullwidth first'  itemscope=\"itemscope\" itemtype=\"https:\/\/schema.org\/CreativeWork\" ><h3 class='slide-entry-title entry-title'  itemprop=\"headline\" ><a href='http:\/\/chprinc.com\/wp-content\/uploads\/CATALOGO-SABADO.pdf'  target=\"_blank\"  title='CONFEDERACI\u00d3N H\u00cdPICA'>CONFEDERACI\u00d3N H\u00cdPICA<\/a><\/h3><div class='slide-entry-excerpt entry-content'  itemprop=\"text\" ><p><img decoding=\"async\" loading=\"lazy\" class=\"alignnone size-full wp-image-4831\" src=\"http:\/\/chprinc.com\/wp-content\/uploads\/5-DEC-PAGE1X-portada-page1-2018OCT-copy-copy.jpg\" alt=\"\" width=\"1797\" height=\"2635\" srcset=\"https:\/\/chprinc.com\/wp-content\/uploads\/5-DEC-PAGE1X-portada-page1-2018OCT-copy-copy.jpg 1797w, https:\/\/chprinc.com\/wp-content\/uploads\/5-DEC-PAGE1X-portada-page1-2018OCT-copy-copy-205x300.jpg 205w, https:\/\/chprinc.com\/wp-content\/uploads\/5-DEC-PAGE1X-portada-page1-2018OCT-copy-copy-768x1126.jpg 768w, https:\/\/chprinc.com\/wp-content\/uploads\/5-DEC-PAGE1X-portada-page1-2018OCT-copy-copy-702x1030.jpg 702w, https:\/\/chprinc.com\/wp-content\/uploads\/5-DEC-PAGE1X-portada-page1-2018OCT-copy-copy-1023x1500.jpg 1023w, https:\/\/chprinc.com\/wp-content\/uploads\/5-DEC-PAGE1X-portada-page1-2018OCT-copy-copy-481x705.jpg 481w, https:\/\/chprinc.com\/wp-content\/uploads\/5-DEC-PAGE1X-portada-page1-2018OCT-copy-copy-450x660.jpg 450w\" sizes=\"(max-width: 1797px) 100vw, 1797px\" \/><\/p>\n<\/div><\/section><\/div><div class='slide-entry-wrap'><section class='slide-entry flex_column post-entry slide-entry-overview slide-loop-2 slide-parity-odd  av_fullwidth first'  itemscope=\"itemscope\" itemtype=\"https:\/\/schema.org\/CreativeWork\" ><h3 class='slide-entry-title entry-title'  itemprop=\"headline\" >CONFEDERACION HIPICA<\/h3><div class='slide-entry-excerpt entry-content'  itemprop=\"text\" ><p><img decoding=\"async\" loading=\"lazy\" class=\"alignnone size-full wp-image-2087\" src=\"http:\/\/chprinc.com\/wp-content\/uploads\/smalltoprint2BANNERportada2018junio.png\" alt=\"\" width=\"900\" height=\"1380\" srcset=\"https:\/\/chprinc.com\/wp-content\/uploads\/smalltoprint2BANNERportada2018junio.png 900w, https:\/\/chprinc.com\/wp-content\/uploads\/smalltoprint2BANNERportada2018junio-196x300.png 196w, https:\/\/chprinc.com\/wp-content\/uploads\/smalltoprint2BANNERportada2018junio-768x1178.png 768w, https:\/\/chprinc.com\/wp-content\/uploads\/smalltoprint2BANNERportada2018junio-672x1030.png 672w, https:\/\/chprinc.com\/wp-content\/uploads\/smalltoprint2BANNERportada2018junio-460x705.png 460w, https:\/\/chprinc.com\/wp-content\/uploads\/smalltoprint2BANNERportada2018junio-450x690.png 450w\" sizes=\"(max-width: 900px) 100vw, 900px\" \/><\/p>\n<\/div><\/section><\/div><div class='slide-entry-wrap'><section class='slide-entry flex_column post-entry slide-entry-overview slide-loop-3 slide-parity-odd  av_fullwidth first'  itemscope=\"itemscope\" itemtype=\"https:\/\/schema.org\/CreativeWork\" ><h3 class='slide-entry-title entry-title'  itemprop=\"headline\" >EQUISALES<\/h3><div class='slide-entry-excerpt entry-content'  itemprop=\"text\" ><p><img decoding=\"async\" loading=\"lazy\" class=\"alignnone size-full wp-image-2442\" src=\"http:\/\/chprinc.com\/wp-content\/uploads\/PORTADA-JULY8equisaleshalf2.5.jpg\" alt=\"\" width=\"750\" height=\"1104\" srcset=\"https:\/\/chprinc.com\/wp-content\/uploads\/PORTADA-JULY8equisaleshalf2.5.jpg 750w, https:\/\/chprinc.com\/wp-content\/uploads\/PORTADA-JULY8equisaleshalf2.5-204x300.jpg 204w, https:\/\/chprinc.com\/wp-content\/uploads\/PORTADA-JULY8equisaleshalf2.5-700x1030.jpg 700w, https:\/\/chprinc.com\/wp-content\/uploads\/PORTADA-JULY8equisaleshalf2.5-479x705.jpg 479w, https:\/\/chprinc.com\/wp-content\/uploads\/PORTADA-JULY8equisaleshalf2.5-450x662.jpg 450w\" sizes=\"(max-width: 750px) 100vw, 750px\" \/><\/p>\n<\/div><\/section><\/div><div class='slide-entry-wrap'><section class='slide-entry flex_column post-entry slide-entry-overview slide-loop-4 slide-parity-odd  av_fullwidth first'  itemscope=\"itemscope\" itemtype=\"https:\/\/schema.org\/CreativeWork\" ><h3 class='slide-entry-title entry-title'  itemprop=\"headline\" ><a href='http:\/\/chprinc.com\/wp-content\/uploads\/SubastaLosLlanos.pdf'  target=\"_blank\"  title='POTRERO LOS LLANOS'>POTRERO LOS LLANOS<\/a><\/h3><div class='slide-entry-excerpt entry-content'  itemprop=\"text\" ><p><img decoding=\"async\" loading=\"lazy\" class=\"alignnone size-full wp-image-2449\" src=\"http:\/\/chprinc.com\/wp-content\/uploads\/portadaLOSLLANOS-1.jpg\" alt=\"\" width=\"750\" height=\"1128\" srcset=\"https:\/\/chprinc.com\/wp-content\/uploads\/portadaLOSLLANOS-1.jpg 750w, https:\/\/chprinc.com\/wp-content\/uploads\/portadaLOSLLANOS-1-199x300.jpg 199w, https:\/\/chprinc.com\/wp-content\/uploads\/portadaLOSLLANOS-1-685x1030.jpg 685w, https:\/\/chprinc.com\/wp-content\/uploads\/portadaLOSLLANOS-1-469x705.jpg 469w, https:\/\/chprinc.com\/wp-content\/uploads\/portadaLOSLLANOS-1-450x677.jpg 450w\" sizes=\"(max-width: 750px) 100vw, 750px\" \/><\/p>\n<\/div><\/section><\/div><div class='slide-entry-wrap'><section class='slide-entry flex_column post-entry slide-entry-overview slide-loop-5 slide-parity-odd  av_fullwidth first'  itemscope=\"itemscope\" itemtype=\"https:\/\/schema.org\/CreativeWork\" ><h3 class='slide-entry-title entry-title'  itemprop=\"headline\" >HARAS SANTA ISABEL<\/h3><div class='slide-entry-excerpt entry-content'  itemprop=\"text\" ><p><img decoding=\"async\" loading=\"lazy\" class=\"alignnone size-full wp-image-9625\" src=\"http:\/\/chprinc.com\/wp-content\/uploads\/portadaharassanta2018-1.png\" alt=\"\" width=\"836\" height=\"1274\" srcset=\"https:\/\/chprinc.com\/wp-content\/uploads\/portadaharassanta2018-1.png 836w, https:\/\/chprinc.com\/wp-content\/uploads\/portadaharassanta2018-1-197x300.png 197w, https:\/\/chprinc.com\/wp-content\/uploads\/portadaharassanta2018-1-768x1170.png 768w, https:\/\/chprinc.com\/wp-content\/uploads\/portadaharassanta2018-1-676x1030.png 676w, https:\/\/chprinc.com\/wp-content\/uploads\/portadaharassanta2018-1-463x705.png 463w, https:\/\/chprinc.com\/wp-content\/uploads\/portadaharassanta2018-1-450x686.png 450w\" sizes=\"(max-width: 836px) 100vw, 836px\" \/><\/p>\n<\/div><\/section><\/div><div class='slide-entry-wrap'><section class='slide-entry flex_column post-entry slide-entry-overview slide-loop-6 slide-parity-odd  av_fullwidth first'  itemscope=\"itemscope\" itemtype=\"https:\/\/schema.org\/CreativeWork\" ><h3 class='slide-entry-title entry-title'  itemprop=\"headline\" ><a href='http:\/\/chprinc.com\/wp-content\/uploads\/HACIENDALOSNIETOS.pdf'  target=\"_blank\"  title='HACIENDA LOS NIETOS'>HACIENDA LOS NIETOS<\/a><\/h3><div class='slide-entry-excerpt entry-content'  itemprop=\"text\" ><p><img decoding=\"async\" loading=\"lazy\" class=\"alignnone size-full wp-image-2461\" src=\"http:\/\/chprinc.com\/wp-content\/uploads\/2.5-portada-JAVIEROK2-1.jpg\" alt=\"\" width=\"743\" height=\"1115\" srcset=\"https:\/\/chprinc.com\/wp-content\/uploads\/2.5-portada-JAVIEROK2-1.jpg 743w, https:\/\/chprinc.com\/wp-content\/uploads\/2.5-portada-JAVIEROK2-1-200x300.jpg 200w, https:\/\/chprinc.com\/wp-content\/uploads\/2.5-portada-JAVIEROK2-1-686x1030.jpg 686w, https:\/\/chprinc.com\/wp-content\/uploads\/2.5-portada-JAVIEROK2-1-470x705.jpg 470w, https:\/\/chprinc.com\/wp-content\/uploads\/2.5-portada-JAVIEROK2-1-450x675.jpg 450w\" sizes=\"(max-width: 743px) 100vw, 743px\" \/><\/p>\n<\/div><\/section><\/div><div class='slide-entry-wrap'><section class='slide-entry flex_column post-entry slide-entry-overview slide-loop-7 slide-parity-odd  post-entry-last  av_fullwidth first'  itemscope=\"itemscope\" itemtype=\"https:\/\/schema.org\/CreativeWork\" ><h3 class='slide-entry-title entry-title'  itemprop=\"headline\" ><a href='http:\/\/chprinc.com\/wp-content\/uploads\/Haras_Nortena_2018_OK.pdf'  target=\"_blank\"  title='HARAS NORTE\u00d1A'>HARAS NORTE\u00d1A<\/a><\/h3><div class='slide-entry-excerpt entry-content'  itemprop=\"text\" ><p><img decoding=\"async\" loading=\"lazy\" class=\"alignnone size-full wp-image-2464\" src=\"http:\/\/chprinc.com\/wp-content\/uploads\/HRASNOTENAPORTADA-OK-1.jpg\" alt=\"\" width=\"750\" height=\"1153\" srcset=\"https:\/\/chprinc.com\/wp-content\/uploads\/HRASNOTENAPORTADA-OK-1.jpg 750w, https:\/\/chprinc.com\/wp-content\/uploads\/HRASNOTENAPORTADA-OK-1-195x300.jpg 195w, https:\/\/chprinc.com\/wp-content\/uploads\/HRASNOTENAPORTADA-OK-1-670x1030.jpg 670w, https:\/\/chprinc.com\/wp-content\/uploads\/HRASNOTENAPORTADA-OK-1-459x705.jpg 459w, https:\/\/chprinc.com\/wp-content\/uploads\/HRASNOTENAPORTADA-OK-1-450x692.jpg 450w\" sizes=\"(max-width: 750px) 100vw, 750px\" \/><\/p>\n<\/div><\/section><\/div><\/div><\/div><br \/>\n<div class='av-social-sharing-box '><div class='av-share-box'><h5 class='av-share-link-description'>Comparte esta entrada<\/h5><ul class='av-share-box-list noLightbox'><li class='av-share-link av-social-link-facebook' ><a target='_blank' href='http:\/\/www.facebook.com\/sharer.php?u=https:\/\/chprinc.com\/index.php\/subastas-nativos-2018\/&amp;t=SUBASTAS%20NATIVOS%202018' aria-hidden='true' data-av_icon='\ue8f3' data-av_iconfont='entypo-fontello' title='' data-avia-related-tooltip='Share on Facebook'><span class='avia_hidden_link_text'>Share on Facebook<\/span><\/a><\/li><li class='av-share-link av-social-link-twitter' ><a target='_blank' href='https:\/\/twitter.com\/share?text=SUBASTAS%20NATIVOS%202018&url=https:\/\/chprinc.com\/?p=10996' aria-hidden='true' data-av_icon='\ue8f1' data-av_iconfont='entypo-fontello' title='' data-avia-related-tooltip='Share on Twitter'><span class='avia_hidden_link_text'>Share on Twitter<\/span><\/a><\/li><li class='av-share-link av-social-link-pinterest' ><a target='_blank' href='http:\/\/pinterest.com\/pin\/create\/button\/?url=https%3A%2F%2Fchprinc.com%2Findex.php%2Fsubastas-nativos-2018%2F&amp;description=SUBASTAS%20NATIVOS%202018&amp;media=' aria-hidden='true' data-av_icon='\ue8f8' data-av_iconfont='entypo-fontello' title='' data-avia-related-tooltip='Share on Pinterest'><span class='avia_hidden_link_text'>Share on Pinterest<\/span><\/a><\/li><li class='av-share-link av-social-link-mail' ><a  href='mailto:?subject=SUBASTAS%20NATIVOS%202018&amp;body=https:\/\/chprinc.com\/index.php\/subastas-nativos-2018\/' aria-hidden='true' data-av_icon='\ue805' data-av_iconfont='entypo-fontello' title='' data-avia-related-tooltip='Share by Mail'><span class='avia_hidden_link_text'>Share by Mail<\/span><\/a><\/li><\/ul><\/div><\/div><\/p><\/div><div class=\"flex_column av_one_third  flex_column_div av-zero-column-padding   \" style='border-radius:0px; '><p><div style='padding-bottom:10px;' class='av-special-heading av-special-heading-h1  blockquote modern-quote  '><h1 class='av-special-heading-tag'  itemprop=\"headline\"  >Resultados 2018<\/h1><div class='special-heading-border'><div class='special-heading-inner-border' ><\/div><\/div><\/div><br \/>\n<div style='height:100px' class='hr hr-invisible '><span class='hr-inner ' ><span class='hr-inner-style'><\/span><\/span><\/div><br \/>\n<div class='av-catalogue-container '><ul class='av-catalogue-list'>\n<li><a href='http:\/\/chprinc.com\/wp-content\/uploads\/resultados.pdf'  target=\"_blank\"  class='av-catalogue-item'><div class='av-catalogue-item-inner'><div class='av-catalogue-title-container'><div class='av-catalogue-title'>CONFEDERACI\u00d3N HIPICA<\/div><div class='av-catalogue-price'><\/div><\/div><div class='av-catalogue-content'><\/div><\/div><\/a><\/li>\n<li><a href='http:\/\/chprinc.com\/wp-content\/uploads\/Detalle-de-HIPs-despues-de-la-subasta.pdf'  target=\"_blank\"  class='av-catalogue-item'><div class='av-catalogue-item-inner'><div class='av-catalogue-title-container'><div class='av-catalogue-title'>EQUISALES, Inc.<\/div><div class='av-catalogue-price'><\/div><\/div><div class='av-catalogue-content'><\/div><\/div><\/a><\/li>\n<li><a href='http:\/\/chprinc.com\/wp-content\/uploads\/RESULTADOS-2018-LOSLLANOSOK-2-Sheet2.pdf'  target=\"_blank\"  class='av-catalogue-item'><div class='av-catalogue-item-inner'><div class='av-catalogue-title-container'><div class='av-catalogue-title'>POTRERO LOS LLANOS<\/div><div class='av-catalogue-price'><\/div><\/div><div class='av-catalogue-content'><\/div><\/div><\/a><\/li>\n<li><a href='http:\/\/chprinc.com\/wp-content\/uploads\/HARAS-santaisabel-compressed.pdf'  target=\"_blank\"  class='av-catalogue-item'><div class='av-catalogue-item-inner'><div class='av-catalogue-title-container'><div class='av-catalogue-title'>HARAS SANTA ISABEL<\/div><div class='av-catalogue-price'><\/div><\/div><div class='av-catalogue-content'><\/div><\/div><\/a><\/li>\n<li><a href='http:\/\/chprinc.com\/wp-content\/uploads\/HACIENDALOSNIETOS.pdf'  target=\"_blank\"  class='av-catalogue-item'><div class='av-catalogue-item-inner'><div class='av-catalogue-title-container'><div class='av-catalogue-title'>HACIENDA LOS NIETOS<\/div><div class='av-catalogue-price'><\/div><\/div><div class='av-catalogue-content'><\/div><\/div><\/a><\/li>\n<li><a href='http:\/\/chprinc.com\/wp-content\/uploads\/HARASNORTENA1.pdf'  target=\"_blank\"  class='av-catalogue-item'><div class='av-catalogue-item-inner'><div class='av-catalogue-title-container'><div class='av-catalogue-title'>HARAS NORTE\u00d1A<\/div><div class='av-catalogue-price'><\/div><\/div><div class='av-catalogue-content'><\/div><\/div><\/a><\/li>\n<\/ul><\/div><\/p><\/div><\/p>\n","protected":false},"excerpt":{"rendered":"","protected":false},"author":1,"featured_media":0,"parent":0,"menu_order":0,"comment_status":"closed","ping_status":"closed","template":"","meta":{"footnotes":""},"_links":{"self":[{"href":"https:\/\/chprinc.com\/index.php\/wp-json\/wp\/v2\/pages\/10996"}],"collection":[{"href":"https:\/\/chprinc.com\/index.php\/wp-json\/wp\/v2\/pages"}],"about":[{"href":"https:\/\/chprinc.com\/index.php\/wp-json\/wp\/v2\/types\/page"}],"author":[{"embeddable":true,"href":"https:\/\/chprinc.com\/index.php\/wp-json\/wp\/v2\/users\/1"}],"replies":[{"embeddable":true,"href":"https:\/\/chprinc.com\/index.php\/wp-json\/wp\/v2\/comments?post=10996"}],"version-history":[{"count":4,"href":"https:\/\/chprinc.com\/index.php\/wp-json\/wp\/v2\/pages\/10996\/revisions"}],"predecessor-version":[{"id":11009,"href":"https:\/\/chprinc.com\/index.php\/wp-json\/wp\/v2\/pages\/10996\/revisions\/11009"}],"wp:attachment":[{"href":"https:\/\/chprinc.com\/index.php\/wp-json\/wp\/v2\/media?parent=10996"}],"curies":[{"name":"wp","href":"https:\/\/api.w.org\/{rel}","templated":true}]}}