{"id":2275,"date":"2018-06-26T18:17:59","date_gmt":"2018-06-26T18:17:59","guid":{"rendered":"http:\/\/chprinc.com\/?page_id=2275"},"modified":"2019-06-20T00:00:29","modified_gmt":"2019-06-20T00:00:29","slug":"pasos-a-seguir","status":"publish","type":"page","link":"https:\/\/chprinc.com\/index.php\/pasos-a-seguir\/","title":{"rendered":"PASOS A SEGUIR"},"content":{"rendered":"<div class=\"flex_column av_one_fifth  flex_column_div av-zero-column-padding first  \" style='border-radius:0px; '><div  class=\"avia-animated-number av-force-default-color avia-color-  avia_animate_when_visible\" ><strong class=\"heading avia-animated-number-title\" ><span class=\"avia-single-number __av-single-number\" data-number=\"1\">1<\/span><span class=\"avia-no-number\"> REGISTRARSE ::<\/span><\/strong><div class='avia-animated-number-content' ><p>Todo Due\u00f1o que desee participar en la subasta deber\u00e1 registrarse en las oficinas de la Confederaci\u00f3n H\u00edpica o por medio de este formulario electr\u00f3nico;\u00a0para asignarle un n\u00famero de participante.<br \/>\n&#8212;&#8212;&#8212;&#8212;&#8212;&#8212;&#8212;&#8212;&#8212;&#8212;&#8212;&#8212;-<br \/>\nRecibirar\u00e1s un NUMERO DE AUTORIZACI\u00d3N por email<\/p>\n<\/div><\/div><\/div>\n<div class=\"flex_column av_one_fifth  flex_column_div av-zero-column-padding   \" style='border-radius:0px; '><span class=\"av_font_icon avia_animate_when_visible av-icon-style-  avia-icon-pos-center \" style=\"color:#af3838; border-color:#af3838;\"><span class='av-icon-char' style='font-size:200px;line-height:200px;' aria-hidden='true' data-av_icon='\ue881' data-av_iconfont='entypo-fontello' ><\/span><\/span><\/div>\n<div class=\"flex_column av_one_fifth  flex_column_div av-zero-column-padding   \" style='border-radius:0px; '><div  class=\"avia-animated-number av-force-default-color avia-color-  avia_animate_when_visible\" ><strong class=\"heading avia-animated-number-title\" ><span class=\"avia-single-number __av-single-number\" data-number=\"2\">2<\/span><span class=\"avia-no-number\"> LLENAR SOLICITUD<\/span><\/strong><div class='avia-animated-number-content' ><p>Todo Due\u00f1o interesado en licitar deber\u00e1 inscribirse llenando la SOLICITUD DE LICITACION, la misma se encuentra en el bot\u00f3n de enlace, en el \u00e1rea de cuarentena, o en las oficinas de la Confederaci\u00f3n.<br \/>\n&#8212;&#8212;&#8212;&#8212;&#8212;&#8212;&#8212;&#8212;&#8212;&#8212;&#8212;&#8212;-<br \/>\nSe requiere UNA SOLICITUD por EJEMPLAR<\/p>\n<\/div><\/div><\/div>\n<div class=\"flex_column av_one_fifth  flex_column_div av-zero-column-padding   \" style='border-radius:0px; '><span class=\"av_font_icon avia_animate_when_visible av-icon-style-  avia-icon-pos-center \" style=\"color:#af3838; border-color:#af3838;\"><span class='av-icon-char' style='font-size:200px;line-height:200px;' aria-hidden='true' data-av_icon='\ue881' data-av_iconfont='entypo-fontello' ><\/span><\/span><\/div>\n<div class=\"flex_column av_one_fifth  flex_column_div av-zero-column-padding   \" style='border-radius:0px; '><div  class=\"avia-animated-number av-force-default-color avia-color-  avia_animate_when_visible\" ><strong class=\"heading avia-animated-number-title\" ><span class=\"avia-single-number __av-single-number\" data-number=\"3\">3<\/span><span class=\"avia-no-number\"> PASAR POR LA CONFE<\/span><\/strong><div class='avia-animated-number-content' ><p>&#8212;&#8212;&#8212;&#8212;&#8212;&#8212;&#8212;&#8212;&#8212;&#8212;&#8212;&#8212;-<br \/>\nPara firmar la SOLICITUDES de INSCRIPCION (LICITADOR)<br \/>\n&#8212;&#8212;&#8212;&#8212;&#8212;&#8212;&#8212;&#8212;&#8212;&#8212;&#8212;&#8212;-<br \/>\nDEBES PASAR POR LA CONFEDERACION<br \/>\npara completar el Registro<br \/>\n&#8212;&#8212;&#8212;&#8212;&#8212;&#8212;&#8212;&#8212;&#8212;&#8212;&#8212;&#8212;-<\/p>\n<\/div><\/div><\/div>\n<div class=\"flex_column av_one_third  flex_column_div av-zero-column-padding first  \" style='border-radius:0px; '><div class='avia-button-wrap avia-button-center '><a href='http:\/\/chprinc.com\/index.php\/formulario-de-contacto\/' class='avia-button avia-button-fullwidth  avia-icon_select-no avia-color-theme-color '  style='color:#ffffff; ' ><span class='avia_iconbox_title' >REGISTRESE <\/span><span class='avia_button_background avia-button avia-button-fullwidth avia-color-grey' ><\/span><\/a><\/div><\/div><div class=\"flex_column av_one_third  flex_column_div av-zero-column-padding   \" style='border-radius:0px; '><div class='avia-button-wrap avia-button-center '><a href='http:\/\/chprinc.com\/wp-content\/uploads\/solicitud-licitacion.pdf' class='avia-button avia-button-fullwidth  avia-icon_select-no avia-color-theme-color '  target=\"_blank\"  style='color:#ffffff; ' ><span class='avia_iconbox_title' >LLENAR SOLICITUD<\/span><span class='avia_button_background avia-button avia-button-fullwidth avia-color-grey' ><\/span><\/a><\/div><\/div><\/p>\n<div class=\"flex_column av_one_third  flex_column_div av-zero-column-padding   \" style='border-radius:0px; '><\/div>\n","protected":false},"excerpt":{"rendered":"","protected":false},"author":1,"featured_media":0,"parent":0,"menu_order":0,"comment_status":"closed","ping_status":"closed","template":"","meta":{"footnotes":""},"_links":{"self":[{"href":"https:\/\/chprinc.com\/index.php\/wp-json\/wp\/v2\/pages\/2275"}],"collection":[{"href":"https:\/\/chprinc.com\/index.php\/wp-json\/wp\/v2\/pages"}],"about":[{"href":"https:\/\/chprinc.com\/index.php\/wp-json\/wp\/v2\/types\/page"}],"author":[{"embeddable":true,"href":"https:\/\/chprinc.com\/index.php\/wp-json\/wp\/v2\/users\/1"}],"replies":[{"embeddable":true,"href":"https:\/\/chprinc.com\/index.php\/wp-json\/wp\/v2\/comments?post=2275"}],"version-history":[{"count":43,"href":"https:\/\/chprinc.com\/index.php\/wp-json\/wp\/v2\/pages\/2275\/revisions"}],"predecessor-version":[{"id":9318,"href":"https:\/\/chprinc.com\/index.php\/wp-json\/wp\/v2\/pages\/2275\/revisions\/9318"}],"wp:attachment":[{"href":"https:\/\/chprinc.com\/index.php\/wp-json\/wp\/v2\/media?parent=2275"}],"curies":[{"name":"wp","href":"https:\/\/api.w.org\/{rel}","templated":true}]}}